{"id":10,"date":"2023-11-18T19:43:10","date_gmt":"2023-11-18T18:43:10","guid":{"rendered":"http:\/\/mltrading.fr\/?page_id=10"},"modified":"2023-12-04T11:37:06","modified_gmt":"2023-12-04T10:37:06","slug":"contact","status":"publish","type":"page","link":"https:\/\/mltrading.fr\/index.php\/contact\/","title":{"rendered":"Contact"},"content":{"rendered":"\n<p>Pour toute question, proposition de collaboration, demande d&#8217;accompagnement, de formation ou autre, n&#8217;h\u00e9sitez pas \u00e0 prendre contact:<\/p>\n\n\n\n<p>St\u00e9phanie M\u00e9lous<\/p>\n\n\n\n<p>49 rue des Fr\u00e8res Cahuzac, 81000 ALBI &#8211; FRANCE<\/p>\n\n\n\n<p>Tel: +(33)6.36.96.96.65<br>Mail: smelous@gmail.com<\/p>\n\n\n\n<figure class=\"wp-block-image size-full is-resized\"><a href=\"https:\/\/www.linkedin.com\/in\/st%C3%A9phanie-m%C3%A9lous-b696691\/\" target=\"_blank\" rel=\"noreferrer noopener\"><img loading=\"lazy\" decoding=\"async\" width=\"167\" height=\"173\" src=\"https:\/\/mltrading.fr\/wp-content\/uploads\/2023\/12\/icone-linkedin.jpg\" alt=\"\" class=\"wp-image-335\" style=\"width:31px;height:auto\"\/><\/a><\/figure>\n","protected":false},"excerpt":{"rendered":"<p>Pour toute question, proposition de collaboration, demande d&#8217;accompagnement, de formation ou autre, n&#8217;h\u00e9sitez pas \u00e0 prendre contact: St\u00e9phanie M\u00e9lous 49 rue des Fr\u00e8res Cahuzac, 81000 ALBI &#8211; FRANCE Tel: +(33)6.36.96.96.65Mail: smelous@gmail.com<\/p>\n","protected":false},"author":1,"featured_media":0,"parent":0,"menu_order":0,"comment_status":"closed","ping_status":"closed","template":"","meta":{"om_disable_all_campaigns":false,"advgb_blocks_editor_width":"","advgb_blocks_columns_visual_guide":"","_monsterinsights_skip_tracking":false,"_monsterinsights_sitenote_active":false,"_monsterinsights_sitenote_note":"","_monsterinsights_sitenote_category":0,"_uf_show_specific_survey":0,"_uf_disable_surveys":false,"footnotes":""},"class_list":["post-10","page","type-page","status-publish","hentry"],"aioseo_notices":[],"coauthors":[],"author_meta":{"author_link":"https:\/\/mltrading.fr\/index.php\/author\/admin3872\/","display_name":"stephanie"},"relative_dates":{"created":"Posted 2 years ago","modified":"Updated 2 years ago"},"absolute_dates":{"created":"Posted on 18 November 2023","modified":"Updated on 4 December 2023"},"absolute_dates_time":{"created":"Posted on 18 November 2023 19h43","modified":"Updated on 4 December 2023 11h37"},"featured_img_caption":"","featured_img":false,"series_order":"","_links":{"self":[{"href":"https:\/\/mltrading.fr\/index.php\/wp-json\/wp\/v2\/pages\/10","targetHints":{"allow":["GET"]}}],"collection":[{"href":"https:\/\/mltrading.fr\/index.php\/wp-json\/wp\/v2\/pages"}],"about":[{"href":"https:\/\/mltrading.fr\/index.php\/wp-json\/wp\/v2\/types\/page"}],"author":[{"embeddable":true,"href":"https:\/\/mltrading.fr\/index.php\/wp-json\/wp\/v2\/users\/1"}],"replies":[{"embeddable":true,"href":"https:\/\/mltrading.fr\/index.php\/wp-json\/wp\/v2\/comments?post=10"}],"version-history":[{"count":6,"href":"https:\/\/mltrading.fr\/index.php\/wp-json\/wp\/v2\/pages\/10\/revisions"}],"predecessor-version":[{"id":337,"href":"https:\/\/mltrading.fr\/index.php\/wp-json\/wp\/v2\/pages\/10\/revisions\/337"}],"wp:attachment":[{"href":"https:\/\/mltrading.fr\/index.php\/wp-json\/wp\/v2\/media?parent=10"}],"curies":[{"name":"wp","href":"https:\/\/api.w.org\/{rel}","templated":true}]}}