{"id":13,"date":"2023-11-19T09:29:26","date_gmt":"2023-11-19T08:29:26","guid":{"rendered":"https:\/\/mltrading.fr\/?page_id=13"},"modified":"2023-11-19T15:25:19","modified_gmt":"2023-11-19T14:25:19","slug":"trading-algorithmique","status":"publish","type":"page","link":"https:\/\/mltrading.fr\/","title":{"rendered":"Trading algorithmique"},"content":{"rendered":"\n<p>Quand on choisit la voie du trading algorithmique, et que l&#8217;on commence \u00e0 s&#8217;informer via articles, vid\u00e9os, ou m\u00eame livres, on part souvent avec la fausse id\u00e9e que cela va \u00eatre facile. Au fond, il suffit de coder quelques signaux de trading, quelques indicateurs, croisements de moyennes mobiles, et les gains vont tomber chaque fin de mois sans que nous n&#8217;ayons plus rien \u00e0 faire. <\/p>\n\n\n\n<p>Si vous avez pass\u00e9 cette premi\u00e8re \u00e9tape de d\u00e9sillusion, et que vous souhaitez r\u00e9ellement poursuivre vos recherches et vos efforts de mani\u00e8re plus efficace, alors ce blog pourra je l&#8217;esp\u00e8re vous aider. <\/p>\n\n\n\n<p>Je partage ici des conseils qui me semblent particuli\u00e8rement utiles, acquis durement par l&#8217;exp\u00e9rience, et les nombreuses erreurs commises au fil des ann\u00e9es. Des conseils que je n&#8217;ai malheureusement pas trouv\u00e9 \u00e0 mes d\u00e9buts. <\/p>\n\n\n\n<p>Le trading algorithmique est avant tout un domaine de recherche perp\u00e9tuelle, o\u00f9 bon nombre de concepts, m\u00e9thodes, outils restent \u00e0 \u00e9laborer et \u00e0 d\u00e9couvrir. Un monde \u00e9galement opaque o\u00f9 ceux qui &#8220;ont trouv\u00e9&#8221; rechignent \u00e0 partager leurs d\u00e9couvertes, acquises le plus souvent suite \u00e0 des investissements importants, autant personnels que p\u00e9cuniers. D\u00eetes-vous bien que si cela \u00e9tait aussi facile, il y aurait des millionnaires \u00e0 chaque coin de rue. Les march\u00e9s financiers sont d&#8217;une complexit\u00e9 rare en \u00e9volution permanente. Pr\u00e9tendre pouvoir les &#8220;d\u00e9passer&#8221; par l&#8217;application d&#8217;une formule magique de quelques lignes fait de nous soit une personne tr\u00e8s chanceuse, soit particuli\u00e8rement inconsciente et mal inform\u00e9e. <\/p>\n\n\n\n<p>Je ne pr\u00e9tendrais pas ici avoir trouv\u00e9 la &#8220;technique ultime&#8221; pour vous rendre riche, les nombreux faux espoirs rencontr\u00e9s au fil de mes recherches m&#8217;ont forc\u00e9 \u00e0 devenir tr\u00e8s humble et prudente. Si je peux constater mes progr\u00e8s, dans mes processus de d\u00e9veloppements, et dans les performances de mes robots, je suis consciente que la validation ultime d&#8217;un processus de d\u00e9veloppement ne peut se faire a minima qu&#8217;apr\u00e8s quelques ann\u00e9es de production sur des comptes r\u00e9els. A cette date, en novembre 2023, ce recul me manque encore. <\/p>\n\n\n\n<p>M\u00eame sans ce recul, vous trouverez ici des conseils que je l&#8217;esp\u00e8re vous trouverez pertinents et utiles, et qui vous feront peut-\u00eatre \u00e9conomiser des mois, voire des ann\u00e9es, d&#8217;erreurs et de d\u00e9sillusions.<\/p>\n\n\n\n<p>J&#8217;esp\u00e8re que ce lieu permettra \u00e9galement des \u00e9changes pertinents entre chercheurs passionn\u00e9s.<\/p>\n\n\n\n<p>Bonne lecture<\/p>\n\n\n\n<p><\/p>\n","protected":false},"excerpt":{"rendered":"<p>Quand on choisit la voie du trading algorithmique, et que l&#8217;on commence \u00e0 s&#8217;informer via articles, vid\u00e9os, ou m\u00eame livres, on part souvent avec la fausse id\u00e9e que cela va \u00eatre facile. Au fond, il suffit de coder quelques signaux de trading, quelques indicateurs, croisements de moyennes mobiles, et les gains vont tomber chaque fin &hellip; <a href=\"https:\/\/mltrading.fr\/\" class=\"more-link\">Continue reading<span class=\"screen-reader-text\"> &#8220;Trading algorithmique&#8221;<\/span><\/a><\/p>\n","protected":false},"author":1,"featured_media":14,"parent":0,"menu_order":0,"comment_status":"closed","ping_status":"closed","template":"","meta":{"om_disable_all_campaigns":false,"advgb_blocks_editor_width":"","advgb_blocks_columns_visual_guide":"","_monsterinsights_skip_tracking":false,"_monsterinsights_sitenote_active":false,"_monsterinsights_sitenote_note":"","_monsterinsights_sitenote_category":0,"_uf_show_specific_survey":0,"_uf_disable_surveys":false,"footnotes":""},"class_list":["post-13","page","type-page","status-publish","has-post-thumbnail","hentry"],"aioseo_notices":[],"coauthors":[],"author_meta":{"author_link":"https:\/\/mltrading.fr\/index.php\/author\/admin3872\/","display_name":"stephanie"},"relative_dates":{"created":"Posted 2 years ago","modified":"Updated 2 years ago"},"absolute_dates":{"created":"Posted on 19 November 2023","modified":"Updated on 19 November 2023"},"absolute_dates_time":{"created":"Posted on 19 November 2023 9h29","modified":"Updated on 19 November 2023 15h25"},"featured_img_caption":"","featured_img":"https:\/\/mltrading.fr\/wp-content\/uploads\/2023\/11\/fond-lieu-travail-bourse_1409-5545-825x510.jpg","series_order":"","_links":{"self":[{"href":"https:\/\/mltrading.fr\/index.php\/wp-json\/wp\/v2\/pages\/13","targetHints":{"allow":["GET"]}}],"collection":[{"href":"https:\/\/mltrading.fr\/index.php\/wp-json\/wp\/v2\/pages"}],"about":[{"href":"https:\/\/mltrading.fr\/index.php\/wp-json\/wp\/v2\/types\/page"}],"author":[{"embeddable":true,"href":"https:\/\/mltrading.fr\/index.php\/wp-json\/wp\/v2\/users\/1"}],"replies":[{"embeddable":true,"href":"https:\/\/mltrading.fr\/index.php\/wp-json\/wp\/v2\/comments?post=13"}],"version-history":[{"count":5,"href":"https:\/\/mltrading.fr\/index.php\/wp-json\/wp\/v2\/pages\/13\/revisions"}],"predecessor-version":[{"id":60,"href":"https:\/\/mltrading.fr\/index.php\/wp-json\/wp\/v2\/pages\/13\/revisions\/60"}],"wp:featuredmedia":[{"embeddable":true,"href":"https:\/\/mltrading.fr\/index.php\/wp-json\/wp\/v2\/media\/14"}],"wp:attachment":[{"href":"https:\/\/mltrading.fr\/index.php\/wp-json\/wp\/v2\/media?parent=13"}],"curies":[{"name":"wp","href":"https:\/\/api.w.org\/{rel}","templated":true}]}}