{"id":172,"date":"2023-12-03T06:14:36","date_gmt":"2023-12-03T05:14:36","guid":{"rendered":"https:\/\/mltrading.fr\/?page_id=172"},"modified":"2023-12-03T10:34:53","modified_gmt":"2023-12-03T09:34:53","slug":"robots","status":"publish","type":"page","link":"https:\/\/mltrading.fr\/index.php\/robots\/","title":{"rendered":"Robots"},"content":{"rendered":"\n<p>Vous trouverez dans cette section le suivi de mes principaux robots ayant atteint la phase d&#8217;incubation. Il s&#8217;agit de robots sous MetaTrader5, bas\u00e9s sur l&#8217;algorithme &#8220;smart forest&#8221; sur lequel je travaille depuis plusieurs ann\u00e9es et sur lequel je reviendrai plus en d\u00e9tail dans une section d\u00e9di\u00e9e, permettant une optimisation des signaux de trading par analyse statistique des configurations de march\u00e9. L&#8217;id\u00e9e simple \u00e9tant d&#8217;\u00e9viter d&#8217;ouvrir des positions si des conditions de march\u00e9 similaires ont \u00e9t\u00e9 identifi\u00e9es comme d\u00e9favorables par le pass\u00e9. <\/p>\n\n\n\n<p>Ces algorithmes n&#8217;utilisent pas de martingale que je trouve trop dangereuses.<\/p>\n\n\n\n<p>La phase d&#8217;incubation doit durer plusieurs mois pour permettre une validation correcte du fonctionnement de chacun de ces robots. <\/p>\n\n\n\n<p><\/p>\n\n\n\n<p><\/p>\n","protected":false},"excerpt":{"rendered":"<p>Vous trouverez dans cette section le suivi de mes principaux robots ayant atteint la phase d&#8217;incubation. Il s&#8217;agit de robots sous MetaTrader5, bas\u00e9s sur l&#8217;algorithme &#8220;smart forest&#8221; sur lequel je travaille depuis plusieurs ann\u00e9es et sur lequel je reviendrai plus en d\u00e9tail dans une section d\u00e9di\u00e9e, permettant une optimisation des signaux de trading par analyse &hellip; <a href=\"https:\/\/mltrading.fr\/index.php\/robots\/\" class=\"more-link\">Continue reading<span class=\"screen-reader-text\"> &#8220;Robots&#8221;<\/span><\/a><\/p>\n","protected":false},"author":1,"featured_media":0,"parent":0,"menu_order":0,"comment_status":"closed","ping_status":"closed","template":"","meta":{"om_disable_all_campaigns":false,"advgb_blocks_editor_width":"","advgb_blocks_columns_visual_guide":"","_monsterinsights_skip_tracking":false,"_monsterinsights_sitenote_active":false,"_monsterinsights_sitenote_note":"","_monsterinsights_sitenote_category":0,"_uf_show_specific_survey":0,"_uf_disable_surveys":false,"footnotes":""},"class_list":["post-172","page","type-page","status-publish","hentry"],"aioseo_notices":[],"coauthors":[],"author_meta":{"author_link":"https:\/\/mltrading.fr\/index.php\/author\/admin3872\/","display_name":"stephanie"},"relative_dates":{"created":"Posted 2 years ago","modified":"Updated 2 years ago"},"absolute_dates":{"created":"Posted on 3 December 2023","modified":"Updated on 3 December 2023"},"absolute_dates_time":{"created":"Posted on 3 December 2023 6h14","modified":"Updated on 3 December 2023 10h34"},"featured_img_caption":"","featured_img":false,"series_order":"","_links":{"self":[{"href":"https:\/\/mltrading.fr\/index.php\/wp-json\/wp\/v2\/pages\/172","targetHints":{"allow":["GET"]}}],"collection":[{"href":"https:\/\/mltrading.fr\/index.php\/wp-json\/wp\/v2\/pages"}],"about":[{"href":"https:\/\/mltrading.fr\/index.php\/wp-json\/wp\/v2\/types\/page"}],"author":[{"embeddable":true,"href":"https:\/\/mltrading.fr\/index.php\/wp-json\/wp\/v2\/users\/1"}],"replies":[{"embeddable":true,"href":"https:\/\/mltrading.fr\/index.php\/wp-json\/wp\/v2\/comments?post=172"}],"version-history":[{"count":18,"href":"https:\/\/mltrading.fr\/index.php\/wp-json\/wp\/v2\/pages\/172\/revisions"}],"predecessor-version":[{"id":214,"href":"https:\/\/mltrading.fr\/index.php\/wp-json\/wp\/v2\/pages\/172\/revisions\/214"}],"wp:attachment":[{"href":"https:\/\/mltrading.fr\/index.php\/wp-json\/wp\/v2\/media?parent=172"}],"curies":[{"name":"wp","href":"https:\/\/api.w.org\/{rel}","templated":true}]}}