{"id":487,"date":"2025-01-21T15:29:20","date_gmt":"2025-01-21T14:29:20","guid":{"rendered":"https:\/\/mltrading.fr\/?page_id=487"},"modified":"2025-06-02T07:09:13","modified_gmt":"2025-06-02T05:09:13","slug":"morpheus-gold","status":"publish","type":"page","link":"https:\/\/mltrading.fr\/index.php\/morpheus-gold\/","title":{"rendered":"Morpheus Gold"},"content":{"rendered":"\n<figure class=\"wp-block-image size-large\"><img loading=\"lazy\" decoding=\"async\" width=\"1024\" height=\"570\" src=\"https:\/\/mltrading.fr\/wp-content\/uploads\/2025\/01\/CaptureEcran002-1024x570.png\" alt=\"\" class=\"wp-image-491\" srcset=\"https:\/\/mltrading.fr\/wp-content\/uploads\/2025\/01\/CaptureEcran002-1024x570.png 1024w, https:\/\/mltrading.fr\/wp-content\/uploads\/2025\/01\/CaptureEcran002-300x167.png 300w, https:\/\/mltrading.fr\/wp-content\/uploads\/2025\/01\/CaptureEcran002-768x427.png 768w, https:\/\/mltrading.fr\/wp-content\/uploads\/2025\/01\/CaptureEcran002.png 1042w\" sizes=\"auto, (max-width: 709px) 85vw, (max-width: 909px) 67vw, (max-width: 1362px) 62vw, 840px\" \/><\/figure>\n\n\n\n<p>Morpheus Gold est un robot de trading Metatrader 5 bas\u00e9 sur une strat\u00e9gie qui cherche \u00e0 obtenir un % de trades gagnants \u00e9lev\u00e9 (&gt; 90%) <\/p>\n\n\n\n<p>Pour ce faire, le Stop Loss est sup\u00e9rieur au Take Profit (10 fois sup\u00e9rieur pour les achats, 5 fois sup\u00e9rieur pour les ventes). Certains robots vont plus loin en ne mettant aucun Stop Loss et se d\u00e9douanent de la gestion des trades perdants, en responsabilisant les utilisateurs, ce qui a un effet anxiog\u00e8ne certain. <br>Un compromis a donc \u00e9t\u00e9 trouv\u00e9 ici en fixant des StopLoss \u00e9lev\u00e9s, mais au moins ils existent. <\/p>\n\n\n\n<p>Plusieurs m\u00e9canismes permettent de g\u00e9rer les pertes au mieux:<\/p>\n\n\n\n<ul class=\"wp-block-list\">\n<li>une fonctionnalit\u00e9 &#8220;global Stop Loss&#8221;. Lorsque plusieurs trades sont ouverts \u00e0 l&#8217;achat ou \u00e0 la vente, le Stop Loss ne s&#8217;applique alors plus pour chaque trade mais  \u00e0 l&#8217;ensemble des trades. Par exemple, si le SL est fix\u00e9 \u00e0 10  pour les achats, et que 4 trades achat sont ouverts simultan\u00e9ment, le risque total normal serait de 4&#215;10 soit 40. Si le SL global est activ\u00e9, le risque total n&#8217;est alors plus que de 10.<\/li>\n\n\n\n<li>un &#8220;recovery mode&#8221; qui permet d&#8217;augmenter la taille des positions des trades cons\u00e9cutifs \u00e0 une perte pour permettre de r\u00e9cup\u00e9rer plus rapidement. <\/li>\n<\/ul>\n\n\n\n<p><\/p>\n\n\n\n<figure class=\"wp-block-embed is-type-video is-provider-youtube wp-block-embed-youtube wp-embed-aspect-16-9 wp-has-aspect-ratio\"><div class=\"wp-block-embed__wrapper\">\n<iframe loading=\"lazy\" title=\"Strat\u00e9gie GOLD - Morpheus\" width=\"840\" height=\"473\" src=\"https:\/\/www.youtube.com\/embed\/aPYVChDHgFY?feature=oembed\" frameborder=\"0\" allow=\"accelerometer; autoplay; clipboard-write; encrypted-media; gyroscope; picture-in-picture; web-share\" referrerpolicy=\"strict-origin-when-cross-origin\" allowfullscreen><\/iframe>\n<\/div><\/figure>\n","protected":false},"excerpt":{"rendered":"<p>Morpheus Gold est un robot de trading Metatrader 5 bas\u00e9 sur une strat\u00e9gie qui cherche \u00e0 obtenir un % de trades gagnants \u00e9lev\u00e9 (&gt; 90%) Pour ce faire, le Stop Loss est sup\u00e9rieur au Take Profit (10 fois sup\u00e9rieur pour les achats, 5 fois sup\u00e9rieur pour les ventes). Certains robots vont plus loin en ne &hellip; <a href=\"https:\/\/mltrading.fr\/index.php\/morpheus-gold\/\" class=\"more-link\">Continue reading<span class=\"screen-reader-text\"> &#8220;Morpheus Gold&#8221;<\/span><\/a><\/p>\n","protected":false},"author":1,"featured_media":0,"parent":0,"menu_order":0,"comment_status":"closed","ping_status":"closed","template":"","meta":{"om_disable_all_campaigns":false,"advgb_blocks_editor_width":"","advgb_blocks_columns_visual_guide":"","_monsterinsights_skip_tracking":false,"_monsterinsights_sitenote_active":false,"_monsterinsights_sitenote_note":"","_monsterinsights_sitenote_category":0,"_uf_show_specific_survey":0,"_uf_disable_surveys":false,"footnotes":""},"class_list":["post-487","page","type-page","status-publish","hentry"],"aioseo_notices":[],"coauthors":[],"author_meta":{"author_link":"https:\/\/mltrading.fr\/index.php\/author\/admin3872\/","display_name":"stephanie"},"relative_dates":{"created":"Posted 1 year ago","modified":"Updated 10 months ago"},"absolute_dates":{"created":"Posted on 21 January 2025","modified":"Updated on 2 June 2025"},"absolute_dates_time":{"created":"Posted on 21 January 2025 15h29","modified":"Updated on 2 June 2025 7h09"},"featured_img_caption":"","featured_img":false,"series_order":"","_links":{"self":[{"href":"https:\/\/mltrading.fr\/index.php\/wp-json\/wp\/v2\/pages\/487","targetHints":{"allow":["GET"]}}],"collection":[{"href":"https:\/\/mltrading.fr\/index.php\/wp-json\/wp\/v2\/pages"}],"about":[{"href":"https:\/\/mltrading.fr\/index.php\/wp-json\/wp\/v2\/types\/page"}],"author":[{"embeddable":true,"href":"https:\/\/mltrading.fr\/index.php\/wp-json\/wp\/v2\/users\/1"}],"replies":[{"embeddable":true,"href":"https:\/\/mltrading.fr\/index.php\/wp-json\/wp\/v2\/comments?post=487"}],"version-history":[{"count":8,"href":"https:\/\/mltrading.fr\/index.php\/wp-json\/wp\/v2\/pages\/487\/revisions"}],"predecessor-version":[{"id":516,"href":"https:\/\/mltrading.fr\/index.php\/wp-json\/wp\/v2\/pages\/487\/revisions\/516"}],"wp:attachment":[{"href":"https:\/\/mltrading.fr\/index.php\/wp-json\/wp\/v2\/media?parent=487"}],"curies":[{"name":"wp","href":"https:\/\/api.w.org\/{rel}","templated":true}]}}