{"id":6,"date":"2023-11-18T19:41:45","date_gmt":"2023-11-18T18:41:45","guid":{"rendered":"http:\/\/mltrading.fr\/?page_id=6"},"modified":"2023-11-23T08:18:23","modified_gmt":"2023-11-23T07:18:23","slug":"services","status":"publish","type":"page","link":"https:\/\/mltrading.fr\/index.php\/services\/","title":{"rendered":"Services"},"content":{"rendered":"\n<h2 class=\"wp-block-heading\">D\u00e9veloppement<\/h2>\n\n\n\n<ul class=\"wp-block-list\">\n<li>Audit\/optimisation d&#8217;un robot existant,<\/li>\n\n\n\n<li>R\u00e9alisation compl\u00e8te d&#8217;un robot de trading selon votre strat\u00e9gie<\/li>\n<\/ul>\n\n\n\n<p>N&#8217;h\u00e9sitez \u00e0 m&#8217;envoyer votre projet pour que nous en discutions.<br>Langages: MQl4\/5, Python, Pine Script<br>Plateformes: Metatrader, TradingView, ProRealTime<\/p>\n\n\n\n<p>Merci de noter toutefois que les plateformes TradingView et ProRealTime ne permettent pas d&#8217;aller aussi loin en mati\u00e8re d&#8217;optimisation que des langages plus adapt\u00e9s\/avanc\u00e9s tels que Mql et Python<\/p>\n\n\n\n<h2 class=\"wp-block-heading\">Accompagnement personnalis\u00e9<\/h2>\n\n\n\n<p>Je propose \u00e9galement de l&#8217;accompagnement personnalis\u00e9 pour vous aider dans vos efforts de d\u00e9veloppement de robot de trading, par sessions de 30min ou 1h en visio, au tarif de <strong>50EUR \/ 30 min<\/strong>.<\/p>\n\n\n\n<h2 class=\"wp-block-heading\">Formation &#8220;Optimisation de robot sous Metatrader&#8221;<\/h2>\n\n\n\n<p>Sur demande, pour un groupe de  3 personnes minimum, je peux proposer des sessions de formation sur plusieurs journ\u00e9es (dur\u00e9e et programme \u00e0 d\u00e9finir ensemble selon votre niveau et vos attentes).<\/p>\n\n\n\n<p>L&#8217;objectif de la formation est que vous repartiez avec tous les outils n\u00e9cessaires pour bien d\u00e9marrer votre voyage sur Metatrader. Conna\u00eetre les bonnes pratiques, toutes les erreurs \u00e0 \u00e9viter, et mettre en pratique l&#8217;algorithme &#8220;Smart Forest&#8221; (un template pr\u00eat \u00e0 l&#8217;emploi vous sera fourni).<\/p>\n\n\n\n<p>N&#8217;h\u00e9sitez pas \u00e0 me contacter si vous \u00eates int\u00e9ress\u00e9 par cette formation.<\/p>\n\n\n\n<p><\/p>\n\n\n\n<p><\/p>\n","protected":false},"excerpt":{"rendered":"<p>D\u00e9veloppement N&#8217;h\u00e9sitez \u00e0 m&#8217;envoyer votre projet pour que nous en discutions.Langages: MQl4\/5, Python, Pine ScriptPlateformes: Metatrader, TradingView, ProRealTime Merci de noter toutefois que les plateformes TradingView et ProRealTime ne permettent pas d&#8217;aller aussi loin en mati\u00e8re d&#8217;optimisation que des langages plus adapt\u00e9s\/avanc\u00e9s tels que Mql et Python Accompagnement personnalis\u00e9 Je propose \u00e9galement de l&#8217;accompagnement personnalis\u00e9 &hellip; <a href=\"https:\/\/mltrading.fr\/index.php\/services\/\" class=\"more-link\">Continue reading<span class=\"screen-reader-text\"> &#8220;Services&#8221;<\/span><\/a><\/p>\n","protected":false},"author":1,"featured_media":37,"parent":0,"menu_order":0,"comment_status":"closed","ping_status":"closed","template":"","meta":{"om_disable_all_campaigns":false,"advgb_blocks_editor_width":"","advgb_blocks_columns_visual_guide":"","_monsterinsights_skip_tracking":false,"_monsterinsights_sitenote_active":false,"_monsterinsights_sitenote_note":"","_monsterinsights_sitenote_category":0,"_uf_show_specific_survey":0,"_uf_disable_surveys":false,"footnotes":""},"class_list":["post-6","page","type-page","status-publish","has-post-thumbnail","hentry"],"aioseo_notices":[],"coauthors":[],"author_meta":{"author_link":"https:\/\/mltrading.fr\/index.php\/author\/admin3872\/","display_name":"stephanie"},"relative_dates":{"created":"Posted 2 years ago","modified":"Updated 2 years ago"},"absolute_dates":{"created":"Posted on 18 November 2023","modified":"Updated on 23 November 2023"},"absolute_dates_time":{"created":"Posted on 18 November 2023 19h41","modified":"Updated on 23 November 2023 8h18"},"featured_img_caption":"","featured_img":"https:\/\/mltrading.fr\/wp-content\/uploads\/2023\/11\/developpement-informatique-1200x801.jpg","series_order":"","_links":{"self":[{"href":"https:\/\/mltrading.fr\/index.php\/wp-json\/wp\/v2\/pages\/6","targetHints":{"allow":["GET"]}}],"collection":[{"href":"https:\/\/mltrading.fr\/index.php\/wp-json\/wp\/v2\/pages"}],"about":[{"href":"https:\/\/mltrading.fr\/index.php\/wp-json\/wp\/v2\/types\/page"}],"author":[{"embeddable":true,"href":"https:\/\/mltrading.fr\/index.php\/wp-json\/wp\/v2\/users\/1"}],"replies":[{"embeddable":true,"href":"https:\/\/mltrading.fr\/index.php\/wp-json\/wp\/v2\/comments?post=6"}],"version-history":[{"count":6,"href":"https:\/\/mltrading.fr\/index.php\/wp-json\/wp\/v2\/pages\/6\/revisions"}],"predecessor-version":[{"id":121,"href":"https:\/\/mltrading.fr\/index.php\/wp-json\/wp\/v2\/pages\/6\/revisions\/121"}],"wp:featuredmedia":[{"embeddable":true,"href":"https:\/\/mltrading.fr\/index.php\/wp-json\/wp\/v2\/media\/37"}],"wp:attachment":[{"href":"https:\/\/mltrading.fr\/index.php\/wp-json\/wp\/v2\/media?parent=6"}],"curies":[{"name":"wp","href":"https:\/\/api.w.org\/{rel}","templated":true}]}}