{"id":61,"date":"2023-11-19T16:04:27","date_gmt":"2023-11-19T15:04:27","guid":{"rendered":"https:\/\/mltrading.fr\/?page_id=61"},"modified":"2025-06-02T07:35:27","modified_gmt":"2025-06-02T05:35:27","slug":"a-propos","status":"publish","type":"page","link":"https:\/\/mltrading.fr\/index.php\/a-propos\/","title":{"rendered":"A propos"},"content":{"rendered":"<div class=\"wp-block-image\">\n<figure class=\"alignright size-full is-resized\"><img loading=\"lazy\" decoding=\"async\" width=\"707\" height=\"943\" src=\"https:\/\/mltrading.fr\/wp-content\/uploads\/2023\/11\/20200818_170717.jpg\" alt=\"\" class=\"wp-image-105\" style=\"width:148px;height:auto\" srcset=\"https:\/\/mltrading.fr\/wp-content\/uploads\/2023\/11\/20200818_170717.jpg 707w, https:\/\/mltrading.fr\/wp-content\/uploads\/2023\/11\/20200818_170717-225x300.jpg 225w\" sizes=\"auto, (max-width: 707px) 85vw, 707px\" \/><\/figure>\n<\/div>\n\n\n<p>Quelques mots pour vous pr\u00e9senter mon parcours. M\u00eame si je n&#8217;aime pas trop parler de moi, je peux comprendre que de nos jours, avec une multiplication croissante des canaux de communication et des &#8220;experts&#8221; auto-proclam\u00e9s, il est important de savoir \u00e0 qui l&#8217;on a affaire.<\/p>\n\n\n\n<p><\/p>\n\n\n\n<p><\/p>\n\n\n\n<p><\/p>\n\n\n\n<p>Je me d\u00e9crirai donc avant tout comme une chercheuse sinc\u00e8re et passionn\u00e9e, une occitane de 48 ans, qui n&#8217;a jamais cess\u00e9 d&#8217;apprendre dans des domaines tr\u00e8s vari\u00e9s, autant techniques, qu&#8217;humains, politique, sant\u00e9, \u00e9cologie, philosophie, spiritualit\u00e9, int\u00e9ress\u00e9e par tout mais surtout aimant remettre en question les dogmes \u00e9tablis quand je sens que des choses ont besoin d&#8217;\u00eatre \u00e9claircies. Une curieuse de la vie, faisant de moi une inclassable.<\/p>\n\n\n\n<p><\/p>\n\n\n\n<p><\/p>\n\n\n\n<figure class=\"wp-block-image size-full\"><a href=\"https:\/\/www.isae-supaero.fr\/fr\/\"><img loading=\"lazy\" decoding=\"async\" width=\"190\" height=\"102\" src=\"https:\/\/mltrading.fr\/wp-content\/uploads\/2023\/11\/supaero.png\" alt=\"\" class=\"wp-image-64\"\/><\/a><\/figure>\n\n\n\n<p>Apr\u00e8s un dipl\u00f4me d&#8217;ing\u00e9nieur a\u00e9ronautique Supaero obtenu en 2001, j&#8217;ai connu l&#8217;ascension des d\u00e9buts d&#8217;internet, assist\u00e9 aux balbutiements des premi\u00e8res interfaces web et rejoins la grande communaut\u00e9 des d\u00e9veloppeurs. Pendant un peu plus de 20ans, j&#8217;ai d\u00e9couvert plusieurs langages de programmation (php, sql, zend, shell, tcl, java, python, &#8230;), dans des domaines d&#8217;application tr\u00e8s divers. J&#8217;ai \u00e9t\u00e9 amen\u00e9 \u00e0 travailler sur des projets relativement complexes, et \u00e0 manipuler de vastes champs de donn\u00e9es, mais ma motivation s&#8217;est tarie au fil du temps. Cela repr\u00e9sentait beaucoup d&#8217;efforts, de temps, de stress, pour des projets qui ne pourraient jamais changer ma vie radicalement. <\/p>\n\n\n\n<p>Toutefois ces ann\u00e9es m&#8217;ont apport\u00e9 une exp\u00e9rience tr\u00e8s particuli\u00e8re, dont je ne voyais pas bien l&#8217;int\u00e9r\u00eat jusque l\u00e0, celui de &#8220;faire parler les chiffres&#8221;. Mon travail a pu consister par exemple \u00e0 rechercher des bugs dans des syst\u00e8mes informatiques complexes, charg\u00e9s d&#8217;administrer les mouvements de stocks d&#8217;unit\u00e9s de production dans le secteur automobile. Des dizaines de milliers de mouvements quotidiens, et parfois des erreurs apparaissaient, qu&#8217;il fallait identifier avant de pouvoir remonter au bug qui en \u00e9tait la cause. <\/p>\n\n\n\n<p>Ma reconversion dans le monde du trading s&#8217;est concr\u00e9tis\u00e9e en 2020. Cela peut sembler assez r\u00e9cent, mais depuis cette date, je m&#8217;y consacre \u00e0 temps plein, semaine, week-end, et souvent mes soir\u00e9es. Quand une id\u00e9e \u00e9merge, difficile de la faire taire tant qu&#8217;on ne l&#8217;a pas transform\u00e9 en lignes de code! Je pense que beaucoup d&#8217;entre vous me comprendront.<\/p>\n\n\n\n<p>J&#8217;ai ainsi fonc\u00e9 t\u00eate baiss\u00e9e dans l&#8217;\u00e9criture de mon premier robot de trading, puis un deuxi\u00e8me, troisi\u00e8me, etc&#8230;. chacun m&#8217;amenant son lot de d\u00e9sillusions mais aussi d&#8217;apprentissages. <\/p>\n\n\n\n<blockquote class=\"wp-block-quote is-layout-flow wp-block-quote-is-layout-flow\">\n<p>&#8220;Plus on en sait, moins on en sait&#8221;<\/p>\n<\/blockquote>\n\n\n\n<p>De toute ma carri\u00e8re, je dois dire n&#8217;avoir jamais rencontr\u00e9 de probl\u00e8me aussi difficile que celui de la pr\u00e9diction de donn\u00e9es financi\u00e8res, mais \u00e9galement aussi stimulant! Si \u00e0 mes d\u00e9buts je me suis \u00e9norm\u00e9ment remise en question, j&#8217;ai fini par accepter le fait qu&#8217;il s&#8217;agissait d&#8217;un probl\u00e8me complexe, sur lequel penchaient de nombreux sp\u00e9cialistes depuis des ann\u00e9es \u00e0 travers le monde, et que cela allait forc\u00e9ment s&#8217;av\u00e9rer difficile et long, voire m\u00eame tr\u00e8s long. J&#8217;ai compris qu&#8217;il s&#8217;agissait d&#8217;un v\u00e9ritable travail de recherche, d&#8217;un marathon bien plus qu&#8217;un sprint, et que j&#8217;avais beaucoup de choses \u00e0 apprendre pour esp\u00e9rer y arriver. <\/p>\n\n\n\n<p>J&#8217;ai aussi compris que la formation \u00e9tait la cl\u00e9. <\/p>\n\n\n\n<figure class=\"wp-block-image size-full\"><a href=\"https:\/\/executive-education.minesparis.psl.eu\/\"><img loading=\"lazy\" decoding=\"async\" width=\"486\" height=\"199\" src=\"https:\/\/mltrading.fr\/wp-content\/uploads\/2023\/11\/logo-mines.png\" alt=\"\" class=\"wp-image-66\" srcset=\"https:\/\/mltrading.fr\/wp-content\/uploads\/2023\/11\/logo-mines.png 486w, https:\/\/mltrading.fr\/wp-content\/uploads\/2023\/11\/logo-mines-300x123.png 300w\" sizes=\"auto, (max-width: 486px) 85vw, 486px\" \/><\/a><\/figure>\n\n\n\n<p>En 2023, j&#8217;ai d\u00e9cid\u00e9 de suivre la formation de DataScientist chez datascientest.com, un dipl\u00f4me reconnu et valid\u00e9 par l&#8217;Ecole des Mines de Paris. Une formation qui m&#8217;a permis d&#8217;avoir les bases en mati\u00e8re de Machine Learning et Deep Learning, et surtout de me rapprocher des recherches et r\u00e9flexions en cours sur l&#8217;over fitting notamment, mais aussi sur les raisons qui rendent la pr\u00e9diction des march\u00e9s financiers si complexe par rapport \u00e0 d&#8217;autres types de pr\u00e9diction. <\/p>\n\n\n\n<p>Ce blog va me permettre d&#8217;apporter ma modeste contribution \u00e0 la r\u00e9flexion collective en la mati\u00e8re, et peut-\u00eatre faire na\u00eetre des collaborations et \u00e9changes constructifs. <\/p>\n\n\n\n<h2 class=\"wp-block-heading\">Projets en cours et \u00e0 venir<\/h2>\n\n\n\n<p>Au moment o\u00f9 je mets \u00e0 jour cette page, nous sommes \u00e0 l&#8217;aube de l&#8217;\u00e9t\u00e9 2025. Presque 2 ann\u00e9es se sont \u00e9coul\u00e9es d\u00e9j\u00e0 depuis la mise en ligne de ce blog, et force est de constater que je ne consacre pas suffisamment de temps \u00e0 l&#8217;\u00e9criture et \u00e0 la recherche de partenariats. <\/p>\n\n\n\n<p>Mon process s&#8217;est grandement am\u00e9lior\u00e9 ces derni\u00e8res ann\u00e9es, ce qui me permet de sortir d\u00e9sormais 1 nouveau robot par mois environ. Bien \u00e9videmment, sortir un nouveau robot ne veut pas dire qu&#8217;il sera rentable, et encore moins qu&#8217;il le sera imm\u00e9diatement. Cela veut juste dire qu&#8217;il entre dans sa phase d&#8217;observation, qui va durer probablement entre 6 mois et 1 an avant que l&#8217;on d\u00e9cide soit de le mettre au rebut, soit de le passer avec du capital r\u00e9el car ses r\u00e9sultats se sont montr\u00e9s encourageants.<\/p>\n\n\n\n<p>J&#8217;ai \u00e0 l&#8217;heure actuelle plus d&#8217;une dizaine de robots en phase d&#8217;observation qui montrent des r\u00e9sultats encourageants:<\/p>\n\n\n\n<ul class=\"wp-block-list\">\n<li>6 robots Forex<\/li>\n\n\n\n<li>1 robot BTCUSD<\/li>\n\n\n\n<li>1 robot ETHUSD<\/li>\n\n\n\n<li>2 robots Gold<\/li>\n\n\n\n<li>1 robot Nasdaq<\/li>\n\n\n\n<li>1 robot Nikkei<\/li>\n<\/ul>\n\n\n\n<p>D\u00e9sormais, la plupart des robots d\u00e9velopp\u00e9s montrent des r\u00e9sultats potentiellement int\u00e9ressants, ce qui me permet de voir les progr\u00e8s accomplis ces derni\u00e8res ann\u00e9es. Je poursuis donc inlassablement mes travaux de recherche, pour tenter d&#8217;am\u00e9liorer mon process encore et encore. <\/p>\n\n\n\n<p>Mes objectifs pour les 2 prochaines ann\u00e9es seront de faire \u00e9voluer mon blog, passer \u00e0 temps plein sur cette activit\u00e9 (un projet de cr\u00e9ation de soci\u00e9t\u00e9 est en cours), et proposer des formations afin de provoquer des \u00e9changes constructifs entre d\u00e9veloppeurs passionn\u00e9s.<\/p>\n\n\n\n<p><\/p>\n\n\n\n<p>Si vous \u00eates int\u00e9ress\u00e9 pour suivre l&#8217;\u00e9volution de ces diff\u00e9rents projets, n&#8217;h\u00e9sitez pas me le faire savoir par <a href=\"https:\/\/mltrading.fr\/index.php\/contact\/\">mail<\/a> ou \u00e0 vous inscrire \u00e0 la newsletter. Rassurez-vous, je ne pr\u00e9vois pas d&#8217;envoi intempestif de mails, ce sera juste un canal privil\u00e9gi\u00e9 pour vous tenir inform\u00e9 du lancement de mes futurs robots. <\/p>\n\n\n\n<p><\/p>\n\n\n\n<p><\/p>\n\n\n\n<p><\/p>\n\n\n\n<p><\/p>\n","protected":false},"excerpt":{"rendered":"<p>Quelques mots pour vous pr\u00e9senter mon parcours. M\u00eame si je n&#8217;aime pas trop parler de moi, je peux comprendre que de nos jours, avec une multiplication croissante des canaux de communication et des &#8220;experts&#8221; auto-proclam\u00e9s, il est important de savoir \u00e0 qui l&#8217;on a affaire. Je me d\u00e9crirai donc avant tout comme une chercheuse sinc\u00e8re &hellip; <a href=\"https:\/\/mltrading.fr\/index.php\/a-propos\/\" class=\"more-link\">Continue reading<span class=\"screen-reader-text\"> &#8220;A propos&#8221;<\/span><\/a><\/p>\n","protected":false},"author":1,"featured_media":0,"parent":0,"menu_order":0,"comment_status":"closed","ping_status":"closed","template":"","meta":{"om_disable_all_campaigns":false,"advgb_blocks_editor_width":"","advgb_blocks_columns_visual_guide":"","_monsterinsights_skip_tracking":false,"_monsterinsights_sitenote_active":false,"_monsterinsights_sitenote_note":"","_monsterinsights_sitenote_category":0,"_uf_show_specific_survey":0,"_uf_disable_surveys":false,"footnotes":""},"class_list":["post-61","page","type-page","status-publish","hentry"],"aioseo_notices":[],"coauthors":[],"author_meta":{"author_link":"https:\/\/mltrading.fr\/index.php\/author\/admin3872\/","display_name":"stephanie"},"relative_dates":{"created":"Posted 2 years ago","modified":"Updated 10 months ago"},"absolute_dates":{"created":"Posted on 19 November 2023","modified":"Updated on 2 June 2025"},"absolute_dates_time":{"created":"Posted on 19 November 2023 16h04","modified":"Updated on 2 June 2025 7h35"},"featured_img_caption":"","featured_img":false,"series_order":"","_links":{"self":[{"href":"https:\/\/mltrading.fr\/index.php\/wp-json\/wp\/v2\/pages\/61","targetHints":{"allow":["GET"]}}],"collection":[{"href":"https:\/\/mltrading.fr\/index.php\/wp-json\/wp\/v2\/pages"}],"about":[{"href":"https:\/\/mltrading.fr\/index.php\/wp-json\/wp\/v2\/types\/page"}],"author":[{"embeddable":true,"href":"https:\/\/mltrading.fr\/index.php\/wp-json\/wp\/v2\/users\/1"}],"replies":[{"embeddable":true,"href":"https:\/\/mltrading.fr\/index.php\/wp-json\/wp\/v2\/comments?post=61"}],"version-history":[{"count":21,"href":"https:\/\/mltrading.fr\/index.php\/wp-json\/wp\/v2\/pages\/61\/revisions"}],"predecessor-version":[{"id":518,"href":"https:\/\/mltrading.fr\/index.php\/wp-json\/wp\/v2\/pages\/61\/revisions\/518"}],"wp:attachment":[{"href":"https:\/\/mltrading.fr\/index.php\/wp-json\/wp\/v2\/media?parent=61"}],"curies":[{"name":"wp","href":"https:\/\/api.w.org\/{rel}","templated":true}]}}